{"id":1239,"date":"2022-03-06T11:52:04","date_gmt":"2022-03-06T10:52:04","guid":{"rendered":"https:\/\/test.mv-eschfeld.de\/dirigent"},"modified":"2024-12-13T11:01:00","modified_gmt":"2024-12-13T10:01:00","slug":"dirigent","status":"publish","type":"page","link":"https:\/\/mv-eschfeld.de\/?page_id=1239","title":{"rendered":"Dirigent"},"content":{"rendered":"<div data-colibri-id=\"1239-c1\" class=\"style-554 style-local-1239-c1 position-relative\">\n  <!---->\n  <div data-colibri-component=\"section\" data-colibri-id=\"1239-c2\" id=\"team\" class=\"h-section h-section-global-spacing d-flex align-items-lg-center align-items-md-center align-items-center style-555 style-local-1239-c2 position-relative\">\n    <!---->\n    <!---->\n    <div class=\"h-section-grid-container h-section-boxed-container\">\n      <!---->\n      <div data-colibri-id=\"1239-c3\" class=\"h-row-container gutters-row-lg-0 gutters-row-md-0 gutters-row-0 gutters-row-v-lg-0 gutters-row-v-md-0 gutters-row-v-0 style-556 style-local-1239-c3 position-relative\">\n        <!---->\n        <div class=\"h-row justify-content-lg-center justify-content-md-center justify-content-center align-items-lg-stretch align-items-md-stretch align-items-stretch gutters-col-lg-0 gutters-col-md-0 gutters-col-0 gutters-col-v-lg-0 gutters-col-v-md-0 gutters-col-v-0\">\n          <!---->\n          <div class=\"h-column h-column-container d-flex h-col-lg-auto h-col-md-auto h-col-auto style-557-outer style-local-1239-c4-outer\">\n            <div data-colibri-id=\"1239-c4\" class=\"d-flex h-flex-basis h-column__inner h-px-lg-0 h-px-md-0 h-px-0 v-inner-lg-0 v-inner-md-0 v-inner-0 style-557 style-local-1239-c4 position-relative\">\n              <!---->\n              <!---->\n              <div class=\"w-100 h-y-container h-column__content h-column__v-align flex-basis-100 align-self-lg-start align-self-md-start align-self-start\">\n                <!---->\n                <div data-colibri-component=\"slider\" data-colibri-id=\"1239-c5\" class=\"h-slider d-flex style-558 style-local-1239-c5 position-relative\">\n                  <!---->\n                  <div class=\"swiper-container h-row-container gutters-row-lg-2 gutters-row-md-2 gutters-row-0 gutters-row-v-lg-2 gutters-row-v-md-2 gutters-row-v-2 h-overflow-hidden\">\n                    <div class=\"swiper-wrapper h-row justify-content-lg-start justify-content-md-start justify-content-start align-items-lg-stretch align-items-md-stretch align-items-stretch gutters-col-lg-2 gutters-col-md-2 gutters-col-0 gutters-col-v-lg-2 gutters-col-v-md-2 gutters-col-v-2\">\n                      <div data-colibri-component=\"link\" data-href=\"\" class=\"h-slider-item swiper-slide h-column h-column-container d-flex h-col-auto style-559-outer style-local-1239-c6-outer\">\n                        <div data-colibri-id=\"1239-c6\" class=\"w-100 h-swiper-item__inner d-flex h-flex-basis h-HopSliderItem__inner h-px-lg-0 h-px-md-0 h-px-0 v-inner-lg-0 v-inner-md-0 v-inner-0 style-558-images style-local-1239-c5-images style-559 style-local-1239-c6 position-relative\">\n                          <!---->\n                          <div class=\"w-100 h-100 d-flex justify-content-lg-center justify-content-md-center justify-content-center align-items-lg-center align-items-md-center align-items-center\">\n                            <div class=\"w-100 h-y-container h-column__content h-column__v-align flex-basis-100 align-self-lg-start align-self-md-start align-self-start h-slider-item-content-wrapper\">\n                              <!---->\n                              <div data-colibri-id=\"1239-c7\" class=\"h-row-container gutters-row-lg-0 gutters-row-md-0 gutters-row-2 gutters-row-v-lg-0 gutters-row-v-md-0 gutters-row-v-2 style-560 style-local-1239-c7 position-relative\">\n                                <!---->\n                                <div class=\"h-row justify-content-lg-center justify-content-md-center justify-content-center align-items-lg-stretch align-items-md-stretch align-items-stretch gutters-col-lg-0 gutters-col-md-0 gutters-col-2 gutters-col-v-lg-0 gutters-col-v-md-0 gutters-col-v-2\">\n                                  <!---->\n                                  <div class=\"h-column h-column-container d-flex h-col-lg-6 h-col-md-6 h-col-12 style-561-outer style-local-1239-c8-outer\">\n                                    <div data-colibri-id=\"1239-c8\" class=\"d-flex h-flex-basis h-column__inner h-ui-empty-state-container h-px-lg-0 h-px-md-0 h-px-0 v-inner-lg-0 v-inner-md-0 v-inner-0 style-561 style-local-1239-c8 position-relative\">\n                                      <!---->\n                                      <!---->\n                                      <div class=\"w-100 h-y-container h-column__content h-column__v-align flex-basis-100\">\n                                        <!---->\n                                      <\/div>\n                                    <\/div>\n                                  <\/div>\n                                  <div class=\"h-column h-column-container d-flex h-col-lg-6 h-col-md-6 h-col-12 style-562-outer style-local-1239-c9-outer\">\n                                    <div data-colibri-id=\"1239-c9\" class=\"d-flex h-flex-basis h-column__inner h-px-lg-0 h-px-md-0 h-px-0 v-inner-lg-0 v-inner-md-0 v-inner-0 style-562 style-local-1239-c9 position-relative\">\n                                      <!---->\n                                      <!---->\n                                      <div class=\"w-100 h-y-container h-column__content h-column__v-align flex-basis-100 align-self-lg-start align-self-md-start align-self-start\">\n                                        <!---->\n                                        <div data-colibri-id=\"1239-c10\" class=\"h-global-transition-all h-heading style-566 style-local-1239-c10 position-relative h-element\">\n                                          <!---->\n                                          <div class=\"h-heading__outer style-566 style-local-1239-c10\">\n                                            <!---->\n                                            <!---->\n                                            <h4 class=\"\"><span style=\"font-family: Montserrat;\">Michael Simon<\/span><\/h4>\n                                          <\/div>\n                                        <\/div>\n                                        <div data-colibri-id=\"1239-c11\" class=\"h-text h-text-component style-602 style-local-1239-c11 position-relative h-element\">\n                                          <!---->\n                                          <!---->\n                                          <div class=\"\">\n                                            <p class=\"ql-indent-1\">Michael, Jahrgang 1977,&nbsp;begann 1987 mit Instrumentaluntericht im MV Dahnen und wechselte 1997 zum MV Eschfeld, als sein Onkel J\u00fcrgen Kolf den Verein leitete.\n                                              <br>\n                                              <br>Von 2001 bis 2006 lebte er in Koblenz und spielte dort u.a. unter seinem ehemaligen Dirigenten Bertram Kleis im Stadtorchester Andernach.\n                                              <br>\n                                            <\/p>\n                                            <p class=\"ql-indent-1\">2007 trat er die Nachfolge von Markus Bong als Dirigent des MVE an, worauf er bei Rainer Serwe Dirigierunterricht nahm, um der Aufgabe gerecht zu werden. In&nbsp;2022 wurde ihm die silberne f\u00fcr 15-j\u00e4hrige T\u00e4tigkeit\n                                              in der musikalischen Leitung verliehen.\n                                              <br>\n                                            <\/p>\n                                            <p class=\"ql-indent-1\">Neben dem Dirigat im MVE spielt er in diversen Formationen Posaune und Tenorhorn.\n                                              <br>\n                                            <\/p>\n                                            <p>\n                                              <br>\n                                            <\/p>\n                                          <\/div>\n                                        <\/div>\n                                      <\/div>\n                                    <\/div>\n                                  <\/div>\n                                <\/div>\n                              <\/div>\n                              <div data-colibri-id=\"1239-c12\" class=\"h-row-container gutters-row-lg-3 gutters-row-md-3 gutters-row-2 gutters-row-v-lg-0 gutters-row-v-md-0 gutters-row-v-2 style-563 style-local-1239-c12 position-relative\">\n                                <!---->\n                                <div class=\"h-row justify-content-lg-center justify-content-md-center justify-content-center align-items-lg-stretch align-items-md-stretch align-items-stretch gutters-col-lg-3 gutters-col-md-3 gutters-col-2 gutters-col-v-lg-0 gutters-col-v-md-0 gutters-col-v-2\">\n                                  <!---->\n                                  <div class=\"h-column h-column-container d-flex h-col-lg-auto h-col-md-auto h-col-auto style-568-outer style-local-1239-c13-outer\">\n                                    <div data-colibri-id=\"1239-c13\" class=\"d-flex h-flex-basis h-column__inner h-ui-empty-state-container h-px-lg-0 h-px-md-0 h-px-0 v-inner-lg-0 v-inner-md-0 v-inner-0 style-568 style-local-1239-c13 position-relative\">\n                                      <!---->\n                                      <!---->\n                                      <div class=\"w-100 h-y-container h-column__content h-column__v-align flex-basis-100\">\n                                        <!---->\n                                      <\/div>\n                                    <\/div>\n                                  <\/div>\n                                <\/div>\n                              <\/div>\n                              <div data-colibri-id=\"1239-c14\" class=\"h-row-container gutters-row-lg-1 gutters-row-md-0 gutters-row-2 gutters-row-v-lg-1 gutters-row-v-md-0 gutters-row-v-2 style-569 style-local-1239-c14 position-relative\">\n                                <!---->\n                                <div class=\"h-row justify-content-lg-start justify-content-md-start justify-content-start align-items-lg-stretch align-items-md-stretch align-items-stretch gutters-col-lg-1 gutters-col-md-0 gutters-col-2 gutters-col-v-lg-1 gutters-col-v-md-0 gutters-col-v-2\">\n                                  <!---->\n                                  <div class=\"h-column h-column-container d-flex h-col-lg-auto h-col-md-auto h-col-auto style-570-outer style-local-1239-c15-outer\">\n                                    <div data-colibri-id=\"1239-c15\" class=\"d-flex h-flex-basis h-column__inner h-px-lg-0 h-px-md-0 h-px-0 v-inner-lg-0 v-inner-md-3 v-inner-0 style-570 style-local-1239-c15 position-relative\">\n                                      <!---->\n                                      <!---->\n                                      <div class=\"w-100 h-y-container h-column__content h-column__v-align flex-basis-100 align-self-lg-start align-self-md-start align-self-start\">\n                                        <!---->\n                                        <div data-colibri-id=\"1239-c16\" class=\"h-text h-text-component style-603 style-local-1239-c16 position-relative h-element\">\n                                          <!---->\n                                          <!---->\n                                          <div class=\"\">\n                                            <p>\n                                              <br>\n                                            <\/p>\n                                            <p><span style=\"font-weight: 600;\">Unsere bisherigen Dirigenten<\/span><\/p>\n                                            <p>\n                                              <br>\n                                            <\/p>\n                                            <p>1901 &#8211; ?&nbsp;&nbsp;&nbsp;&nbsp;&nbsp;&nbsp;&nbsp;&nbsp;&nbsp;&nbsp;Christoph M\u00e4rz<\/p>\n                                            <p>? &#8211; 1962&nbsp;&nbsp;&nbsp;&nbsp;&nbsp;&nbsp;&nbsp;&nbsp;&nbsp;&nbsp;&nbsp;Josef M\u00fcller sen.<\/p>\n                                            <p>1962 &#8211; 1963&nbsp;&nbsp;&nbsp;&nbsp;Peter M\u00fcller<\/p>\n                                            <p>1963 &#8211; 1965&nbsp;&nbsp;&nbsp;&nbsp;&nbsp;Markus Urfels<\/p>\n                                            <p>1965 &#8211; 1969&nbsp;&nbsp;&nbsp;&nbsp;Ludwig Michels<\/p>\n                                            <p>1969 &#8211; 1970&nbsp;&nbsp;&nbsp;&nbsp;Felix P\u00fctz<\/p>\n                                            <p>1970 &#8211; 1995&nbsp;&nbsp;&nbsp;&nbsp;&nbsp;Alfons M\u00fcller<\/p>\n                                            <p>1995 &#8211; 2001&nbsp;&nbsp;&nbsp;&nbsp;&nbsp;J\u00fcrgen Kolf<\/p>\n                                            <p>2001 &#8211; 2007&nbsp;&nbsp;&nbsp;Markus Bong<\/p>\n                                          <\/div>\n                                        <\/div>\n                                      <\/div>\n                                    <\/div>\n                                  <\/div>\n                                <\/div>\n                              <\/div>\n                            <\/div>\n                          <\/div>\n                        <\/div>\n                      <\/div>\n                    <\/div>\n                    <div class=\"resize-triggers\">\n                      <div class=\"expand-trigger\">\n                        <div style=\"width: 1px; height: 1px;\"><\/div>\n                      <\/div>\n                      <div class=\"contract-trigger\"><\/div>\n                    <\/div>\n                  <\/div>\n                <\/div>\n              <\/div>\n            <\/div>\n          <\/div>\n        <\/div>\n      <\/div>\n    <\/div>\n  <\/div>\n<\/div>","protected":false},"excerpt":{"rendered":"<p>Michael Simon Michael, Jahrgang 1977,&nbsp;begann 1987 mit Instrumentaluntericht im MV Dahnen und wechselte 1997 zum MV Eschfeld, als sein Onkel J\u00fcrgen Kolf den Verein leitete. Von 2001 bis 2006 lebte [&hellip;]<\/p>\n","protected":false},"author":1,"featured_media":0,"parent":0,"menu_order":0,"comment_status":"closed","ping_status":"closed","template":"page-templates\/full-width-page.php","meta":{"_EventAllDay":false,"_EventTimezone":"","_EventStartDate":"","_EventEndDate":"","_EventStartDateUTC":"","_EventEndDateUTC":"","_EventShowMap":false,"_EventShowMapLink":false,"_EventURL":"","_EventCost":"","_EventCostDescription":"","_EventCurrencySymbol":"","_EventCurrencyCode":"","_EventCurrencyPosition":"","_EventDateTimeSeparator":"","_EventTimeRangeSeparator":"","_EventOrganizerID":[],"_EventVenueID":[],"_OrganizerEmail":"","_OrganizerPhone":"","_OrganizerWebsite":"","_VenueAddress":"","_VenueCity":"","_VenueCountry":"","_VenueProvince":"","_VenueState":"","_VenueZip":"","_VenuePhone":"","_VenueURL":"","_VenueStateProvince":"","_VenueLat":"","_VenueLng":"","_VenueShowMap":false,"_VenueShowMapLink":false,"footnotes":""},"class_list":["post-1239","page","type-page","status-publish","hentry"],"_links":{"self":[{"href":"https:\/\/mv-eschfeld.de\/index.php?rest_route=\/wp\/v2\/pages\/1239","targetHints":{"allow":["GET"]}}],"collection":[{"href":"https:\/\/mv-eschfeld.de\/index.php?rest_route=\/wp\/v2\/pages"}],"about":[{"href":"https:\/\/mv-eschfeld.de\/index.php?rest_route=\/wp\/v2\/types\/page"}],"author":[{"embeddable":true,"href":"https:\/\/mv-eschfeld.de\/index.php?rest_route=\/wp\/v2\/users\/1"}],"replies":[{"embeddable":true,"href":"https:\/\/mv-eschfeld.de\/index.php?rest_route=%2Fwp%2Fv2%2Fcomments&post=1239"}],"version-history":[{"count":11,"href":"https:\/\/mv-eschfeld.de\/index.php?rest_route=\/wp\/v2\/pages\/1239\/revisions"}],"predecessor-version":[{"id":3226,"href":"https:\/\/mv-eschfeld.de\/index.php?rest_route=\/wp\/v2\/pages\/1239\/revisions\/3226"}],"wp:attachment":[{"href":"https:\/\/mv-eschfeld.de\/index.php?rest_route=%2Fwp%2Fv2%2Fmedia&parent=1239"}],"curies":[{"name":"wp","href":"https:\/\/api.w.org\/{rel}","templated":true}]}}