{"id":735,"date":"2022-02-20T16:52:35","date_gmt":"2022-02-20T16:52:35","guid":{"rendered":"https:\/\/test.mv-eschfeld.de\/?page_id=735"},"modified":"2022-02-20T20:08:49","modified_gmt":"2022-02-20T20:08:49","slug":"impressum","status":"publish","type":"page","link":"https:\/\/mv-eschfeld.de\/?page_id=735","title":{"rendered":"Impressum"},"content":{"rendered":"<div data-colibri-id=\"735-c1\" class=\"style-305 style-local-735-c1 position-relative\">\n  <!---->\n  <div data-colibri-component=\"section\" data-colibri-id=\"735-c2\" id=\"initial-content\" class=\"h-section h-section-global-spacing d-flex align-items-lg-center align-items-md-center align-items-center style-306 style-local-735-c2 position-relative\">\n    <!---->\n    <!---->\n    <div class=\"h-section-grid-container h-section-boxed-container\">\n      <!---->\n      <div data-colibri-id=\"735-c3\" class=\"h-row-container gutters-row-lg-2 gutters-row-md-2 gutters-row-0 gutters-row-v-lg-2 gutters-row-v-md-2 gutters-row-v-2 style-307 style-local-735-c3 position-relative\">\n        <!---->\n        <div class=\"h-row justify-content-lg-center justify-content-md-center justify-content-center align-items-lg-stretch align-items-md-stretch align-items-stretch gutters-col-lg-2 gutters-col-md-2 gutters-col-0 gutters-col-v-lg-2 gutters-col-v-md-2 gutters-col-v-2\">\n          <!---->\n          <div class=\"h-column h-column-container d-flex h-col-lg-auto h-col-md-auto h-col-auto style-308-outer style-local-735-c4-outer\">\n            <div data-colibri-id=\"735-c4\" class=\"d-flex h-flex-basis h-column__inner h-px-lg-2 h-px-md-2 h-px-2 v-inner-lg-2 v-inner-md-2 v-inner-2 style-308 style-local-735-c4 position-relative\">\n              <!---->\n              <!---->\n              <div class=\"w-100 h-y-container h-column__content h-column__v-align flex-basis-100 align-self-lg-start align-self-md-start align-self-start\">\n                <!---->\n                <div data-colibri-id=\"735-c10\" class=\"h-text h-text-component style-506 style-local-735-c10 position-relative h-element\">\n                  <!---->\n                  <!---->\n                  <div class=\"\">\n                    <h5><span style=\"font-weight: 600; color: rgb(3, 3, 3); font-family: Montserrat;\">Angaben gem\u00e4\u00df \u00a7 5 TMG:<\/span><\/h5>\n                    <p><span style=\"font-weight: 300; color: rgb(3, 3, 3); font-family: Montserrat;\">Postanschrift<\/span><strong style=\"font-weight: 300; color: rgb(3, 3, 3); font-family: Montserrat;\">:<\/strong><\/p>\n                    <p><strong style=\"font-weight: 300; color: rgb(3, 3, 3); font-family: Montserrat;\">Musikverein Eschfeld e.V.<\/strong><span style=\"font-weight: 300; color: rgb(3, 3, 3); font-family: Montserrat;\"><br>Dorfstra\u00dfe 30<br>54619 Eschfeld<br>Tel. 06559.900575<\/span><\/p>\n                    <p><strong style=\"font-weight: 600; color: rgb(3, 3, 3); font-family: Montserrat;\">Vereinsregisternummer <\/strong><span style=\"font-weight: 600; color: rgb(3, 3, 3); font-family: Montserrat;\"> <\/span><span style=\"font-weight: 300; color: rgb(3, 3, 3); font-family: Montserrat;\">(VR) 30399, eingetragen beim AG Wittlich<\/span><\/p>\n                    <p><strong style=\"font-weight: 300; color: rgb(3, 3, 3); font-family: Montserrat;\">Internet:&nbsp;<\/strong>\n                      <a href=\"http:\/\/www.mv-eschfeld.de\" style=\"font-weight: 300; color: rgb(3, 3, 3); font-family: Montserrat;\" class=\"customize-unpreviewable\">https:\/\/www.mv-eschfeld.de<\/a><strong style=\"font-weight: 300; color: rgb(3, 3, 3); font-family: Montserrat;\"><br>Kontakt:&nbsp;<\/strong>\n                      <a href=\"mailto:info@mv-eschfeld.de\" style=\"font-weight: 300; color: rgb(3, 3, 3); font-family: Montserrat;\">info@mv-eschfeld.de<\/a>\n                    <\/p>\n                    <h5><strong style=\"font-weight: 600; color: rgb(3, 3, 3); font-family: Montserrat;\">Vertretungsberechtigter Vorstand<\/strong><span style=\"font-weight: 300; color: rgb(3, 3, 3); font-family: Montserrat;\">&nbsp;<br>J\u00fcrgen Kolf, <\/span>\n                      <em\n                        style=\"font-weight: 300; color: rgb(3, 3, 3); font-family: Montserrat;\">1. Vorsitzender<\/em><span style=\"font-weight: 300; color: rgb(3, 3, 3); font-family: Montserrat;\"><br>Peter Wei\u00df, <\/span><em style=\"font-weight: 300; color: rgb(3, 3, 3); font-family: Montserrat;\">2. Vorsitzender<\/em><span style=\"font-weight: 300; color: rgb(3, 3, 3); font-family: Montserrat;\">&nbsp;<\/span><\/h5>\n                    <p><span style=\"font-weight: 300; color: rgb(3, 3, 3); font-family: Montserrat;\">&nbsp;&nbsp;<\/span><\/p>\n                    <h5><strong style=\"font-weight: 600; color: rgb(3, 3, 3); font-family: Montserrat;\">Streitschlichtung<\/strong><\/h5>\n                    <p><span style=\"font-weight: 300; color: rgb(3, 3, 3); font-family: Montserrat;\">Wir sind nicht bereit oder verpflichtet, an Streitbeilegungsverfahren vor einerVerbraucherschlichtungsstelle teilzunehmen.<\/span><\/p>\n                    <h5><strong style=\"font-weight: 600; color: rgb(3, 3, 3); font-family: Montserrat;\">Haftung f\u00fcr Inhalte<\/strong><\/h5>\n                    <p><span style=\"font-weight: 300; color: rgb(3, 3, 3); font-family: Montserrat;\">Als Diensteanbieter sind wir gem\u00e4\u00df \u00a7 7 Abs.1 TMG f\u00fcr eigene Inhalte auf diesen Seiten nach den allgemeinen Gesetzen verantwortlich. Nach \u00a7\u00a7 8 bis 10 TMG sind wir als Diensteanbieter jedoch nicht verpflichtet, \u00fcbermittelte oder gespeicherte fremde Informationen zu \u00fcberwachen oder nach Umst\u00e4nden zu forschen, die auf eine rechtswidrige T\u00e4tigkeit hinweisen.&nbsp;Die Informationen auf diesen Webseiten werden von uns sorgf\u00e4ltig recherchiert und aktualisiert. Dennoch \u00fcbernehmen wir keine Haftung oder Garantie f\u00fcr die Aktualit\u00e4t, Richtigkeit und Vollst\u00e4ndigkeit. Das gilt vor allem auch f\u00fcr Seiten, die durch Links\/Weiterleitungen zu erreichen sind. Wir sind ausdr\u00fccklich nicht f\u00fcr den Inhalt von verlinkten Webseiten verantwortlich. Die Vervielf\u00e4ltigung von Informationen und Daten, insbesondere die Verwendung von Bildern, Texten und Textteilen bedarf unserer vorherigen Zustimmung. Verpflichtungen zur Entfernung oder Sperrung der Nutzung von Informationen nach den allgemeinen Gesetzen bleiben hiervon unber\u00fchrt. Eine diesbez\u00fcgliche Haftung ist jedoch erst ab dem Zeitpunkt der Kenntnis einer konkreten Rechtsverletzung m\u00f6glich. Bei Bekanntwerden von entsprechenden Rechtsverletzungen werden wir diese Inhalte umgehend entfernen.<\/span><\/p>\n                    <h5><span style=\"font-weight: 600; color: rgb(3, 3, 3); font-family: Montserrat;\">Haftung f\u00fcr Links<\/span><\/h5>\n                    <p><span style=\"font-weight: 300; color: rgb(3, 3, 3); font-family: Montserrat;\">Unser Angebot enth\u00e4lt evtl. Links zu externen Websites Dritter, auf deren Inhalte wir keinen Einfluss haben. Deshalb k\u00f6nnen wir f\u00fcr diese fremden Inhalte auch keine Gew\u00e4hr \u00fcbernehmen. F\u00fcr die Inhalte der verlinkten Seiten ist stets der jeweilige Anbieter oder Betreiber der Seiten verantwortlich. Die verlinkten Seiten wurden zum Zeitpunkt der Verlinkung auf m\u00f6gliche Rechtsverst\u00f6\u00dfe \u00fcberpr\u00fcft. Rechtswidrige<\/span><\/p>\n                    <p><span style=\"font-weight: 300; color: rgb(3, 3, 3); font-family: Montserrat;\">Inhalte waren zum Zeitpunkt der Verlinkung nicht erkennbar. Eine permanente inhaltliche Kontrolle der verlinkten Seiten ist jedoch ohne konkrete Anhaltspunkte einer Rechtsverletzung nicht zumutbar. Bei Bekanntwerden von Rechtsverletzungen werden wir derartige Links umgehend entfernen.<\/span><\/p>\n                    <h5><span style=\"font-weight: 600; color: rgb(3, 3, 3); font-family: Montserrat;\">Urheberrecht<\/span><\/h5>\n                    <p><span style=\"font-weight: 300; color: rgb(3, 3, 3); font-family: Montserrat;\">Die durch die Seitenbetreiber erstellten Inhalte und Werke auf diesen Seiten unterliegen dem deutschen Urheberrecht. Die Vervielf\u00e4ltigung, Bearbeitung, Verbreitung und jede Art der Verwertung au\u00dferhalb der Grenzen des Urheberrechtes bed\u00fcrfen der schriftlichen Zustimmung des jeweiligen Autors bzw. Erstellers. Downloads und Kopien dieser Seite sind nur f\u00fcr den privaten, nicht kommerziellen Gebrauch gestattet.<\/span><\/p>\n                    <p><span style=\"font-weight: 300; color: rgb(3, 3, 3); font-family: Montserrat;\">Soweit die Inhalte auf dieser Seite nicht vom Betreiber erstellt wurden, werden die Urheberrechte Dritter beachtet. Insbesondere werden Inhalte Dritter als solche gekennzeichnet. Sollten Sie trotzdem auf eine Urheberrechtsverletzung aufmerksam werden, bitten wir um einen ntsprechenden Hinweis. Bei Bekanntwerden von Rechtsverletzungen werden wir derartige Inhalte umgehend entfernen.<\/span><\/p>\n                    <p><em style=\"font-size: 68%; font-family: Montserrat;\">Quelle: e-recht24.de<\/em><\/p>\n                    <p>\n                      <br>\n                    <\/p>\n                  <\/div>\n                <\/div>\n              <\/div>\n            <\/div>\n          <\/div>\n        <\/div>\n      <\/div>\n    <\/div>\n  <\/div>\n<\/div>","protected":false},"excerpt":{"rendered":"<p>Angaben gem\u00e4\u00df \u00a7 5 TMG: Postanschrift: Musikverein Eschfeld e.V.Dorfstra\u00dfe 3054619 EschfeldTel. 06559.900575 Vereinsregisternummer (VR) 30399, eingetragen beim AG Wittlich Internet:&nbsp; https:\/\/www.mv-eschfeld.deKontakt:&nbsp; info@mv-eschfeld.de Vertretungsberechtigter Vorstand&nbsp;J\u00fcrgen Kolf, 1. VorsitzenderPeter Wei\u00df, 2. Vorsitzender&nbsp; [&hellip;]<\/p>\n","protected":false},"author":1,"featured_media":0,"parent":0,"menu_order":0,"comment_status":"closed","ping_status":"closed","template":"page-templates\/homepage.php","meta":{"_EventAllDay":false,"_EventTimezone":"","_EventStartDate":"","_EventEndDate":"","_EventStartDateUTC":"","_EventEndDateUTC":"","_EventShowMap":false,"_EventShowMapLink":false,"_EventURL":"","_EventCost":"","_EventCostDescription":"","_EventCurrencySymbol":"","_EventCurrencyCode":"","_EventCurrencyPosition":"","_EventDateTimeSeparator":"","_EventTimeRangeSeparator":"","_EventOrganizerID":[],"_EventVenueID":[],"_OrganizerEmail":"","_OrganizerPhone":"","_OrganizerWebsite":"","_VenueAddress":"","_VenueCity":"","_VenueCountry":"","_VenueProvince":"","_VenueState":"","_VenueZip":"","_VenuePhone":"","_VenueURL":"","_VenueStateProvince":"","_VenueLat":"","_VenueLng":"","_VenueShowMap":false,"_VenueShowMapLink":false,"footnotes":""},"class_list":["post-735","page","type-page","status-publish","hentry"],"_links":{"self":[{"href":"https:\/\/mv-eschfeld.de\/index.php?rest_route=\/wp\/v2\/pages\/735","targetHints":{"allow":["GET"]}}],"collection":[{"href":"https:\/\/mv-eschfeld.de\/index.php?rest_route=\/wp\/v2\/pages"}],"about":[{"href":"https:\/\/mv-eschfeld.de\/index.php?rest_route=\/wp\/v2\/types\/page"}],"author":[{"embeddable":true,"href":"https:\/\/mv-eschfeld.de\/index.php?rest_route=\/wp\/v2\/users\/1"}],"replies":[{"embeddable":true,"href":"https:\/\/mv-eschfeld.de\/index.php?rest_route=%2Fwp%2Fv2%2Fcomments&post=735"}],"version-history":[{"count":5,"href":"https:\/\/mv-eschfeld.de\/index.php?rest_route=\/wp\/v2\/pages\/735\/revisions"}],"predecessor-version":[{"id":870,"href":"https:\/\/mv-eschfeld.de\/index.php?rest_route=\/wp\/v2\/pages\/735\/revisions\/870"}],"wp:attachment":[{"href":"https:\/\/mv-eschfeld.de\/index.php?rest_route=%2Fwp%2Fv2%2Fmedia&parent=735"}],"curies":[{"name":"wp","href":"https:\/\/api.w.org\/{rel}","templated":true}]}}