{"id":842,"date":"2022-02-20T18:25:30","date_gmt":"2022-02-20T18:25:30","guid":{"rendered":"https:\/\/test.mv-eschfeld.de\/verein"},"modified":"2024-12-23T12:13:28","modified_gmt":"2024-12-23T11:13:28","slug":"verein","status":"publish","type":"page","link":"https:\/\/mv-eschfeld.de\/?page_id=842","title":{"rendered":"Verein"},"content":{"rendered":"<div data-colibri-id=\"842-c1\" class=\"style-388 style-local-842-c1 position-relative\">\r\n  <!---->\r\n  <div data-colibri-component=\"section\" data-colibri-id=\"842-c2\" id=\"about\" class=\"h-section h-section-global-spacing d-flex align-items-lg-center align-items-md-center align-items-center style-389 style-local-842-c2 position-relative\">\r\n    <!---->\r\n    <!---->\r\n    <div class=\"h-section-grid-container h-section-boxed-container\">\r\n      <!---->\r\n      <div data-colibri-id=\"842-c3\" class=\"h-row-container gutters-row-lg-0 gutters-row-md-0 gutters-row-0 gutters-row-v-lg-0 gutters-row-v-md-0 gutters-row-v-0 style-390 style-local-842-c3 position-relative\">\r\n        <!---->\r\n        <div class=\"h-row justify-content-lg-center justify-content-md-center justify-content-center align-items-lg-stretch align-items-md-stretch align-items-stretch gutters-col-lg-0 gutters-col-md-0 gutters-col-0 gutters-col-v-lg-0 gutters-col-v-md-0 gutters-col-v-0\">\r\n          <!---->\r\n          <div class=\"h-column h-column-container d-flex h-col-lg-auto h-col-md-auto h-col-auto style-391-outer style-local-842-c4-outer\">\r\n            <div data-colibri-id=\"842-c4\" class=\"d-flex h-flex-basis h-column__inner h-ui-empty-state-container h-px-lg-0 h-px-md-0 h-px-0 v-inner-lg-0 v-inner-md-0 v-inner-0 style-391 style-local-842-c4 position-relative\">\r\n              <!---->\r\n              <!---->\r\n              <div class=\"w-100 h-y-container h-column__content h-column__v-align flex-basis-100\">\r\n                <!---->\r\n              <\/div>\r\n            <\/div>\r\n          <\/div>\r\n          <div class=\"h-column h-column-container d-flex h-col-lg-auto h-col-md-auto h-col-auto style-392-outer style-local-842-c5-outer\">\r\n            <div data-colibri-id=\"842-c5\" class=\"d-flex h-flex-basis h-column__inner h-px-lg-2 h-px-md-2 h-px-2 v-inner-lg-2 v-inner-md-2 v-inner-2 style-392 style-local-842-c5 position-relative\">\r\n              <!---->\r\n              <!---->\r\n              <div class=\"w-100 h-y-container h-column__content h-column__v-align flex-basis-100 align-self-lg-start align-self-md-start align-self-start\">\r\n                <!---->\r\n                <div data-colibri-id=\"842-c6\" class=\"h-global-transition-all h-heading style-393 style-local-842-c6 position-relative h-element\">\r\n                  <!---->\r\n                  <div class=\"h-heading__outer style-393 style-local-842-c6\">\r\n                    <!---->\r\n                    <!---->\r\n                    <h5 class=\"\">1901<\/h5>\r\n                  <\/div>\r\n                <\/div>\r\n                <div data-colibri-id=\"842-c7\" class=\"h-global-transition-all h-heading style-394 style-local-842-c7 position-relative h-element\">\r\n                  <!---->\r\n                  <div class=\"h-heading__outer style-394 style-local-842-c7\">\r\n                    <!---->\r\n                    <!---->\r\n                    <h3 class=\"\">Die ersten T\u00f6ne<\/h3>\r\n                  <\/div>\r\n                <\/div>\r\n                <div data-colibri-id=\"842-c8\" class=\"h-text h-text-component style-395 style-local-842-c8 position-relative h-element\">\r\n                  <!---->\r\n                  <!---->\r\n                  <div class=\"\">\r\n                    <p>Im Jahre 1901 legt Pfarrer Christoph M\u00e4rz den Grundstein f\u00fcr unseren Musikverein. Er gr\u00fcndet eine Streichergruppe, schreibt und arrangiert&nbsp;Noten f\u00fcr diese und leitet das Ensemble jahrelang selbst.\r\n                      <br>\r\n                    <\/p>\r\n                  <\/div>\r\n                <\/div>\r\n              <\/div>\r\n            <\/div>\r\n          <\/div>\r\n        <\/div>\r\n      <\/div>\r\n    <\/div>\r\n  <\/div>\r\n  <div data-colibri-component=\"section\" data-colibri-id=\"842-c9\" id=\"about-2\" class=\"h-section h-section-global-spacing d-flex align-items-lg-center align-items-md-center align-items-center style-396 style-local-842-c9 position-relative\">\r\n    <!---->\r\n    <!---->\r\n    <div class=\"h-section-grid-container h-section-boxed-container\">\r\n      <!---->\r\n      <div data-colibri-id=\"842-c10\" class=\"h-row-container gutters-row-lg-0 gutters-row-md-0 gutters-row-0 gutters-row-v-lg-0 gutters-row-v-md-0 gutters-row-v-0 style-397 style-local-842-c10 position-relative\">\r\n        <!---->\r\n        <div class=\"h-row justify-content-lg-center justify-content-md-center justify-content-center align-items-lg-stretch align-items-md-stretch align-items-stretch gutters-col-lg-0 gutters-col-md-0 gutters-col-0 gutters-col-v-lg-0 gutters-col-v-md-0 gutters-col-v-0\">\r\n          <!---->\r\n          <div class=\"h-column h-column-container d-flex h-col-lg-auto h-col-md-auto h-col-auto style-398-outer style-local-842-c11-outer\">\r\n            <div data-colibri-id=\"842-c11\" class=\"d-flex h-flex-basis h-column__inner h-px-lg-0 h-px-md-0 h-px-0 v-inner-lg-0 v-inner-md-0 v-inner-0 style-398 style-local-842-c11 position-relative\">\r\n              <!---->\r\n              <!---->\r\n              <div class=\"w-100 h-y-container h-column__content h-column__v-align flex-basis-100 align-self-lg-start align-self-md-start align-self-start\">\r\n                <!---->\r\n                <div data-colibri-id=\"842-c12\" class=\"h-global-transition-all h-heading style-399 style-local-842-c12 position-relative h-element\">\r\n                  <!---->\r\n                  <div class=\"h-heading__outer style-399 style-local-842-c12\">\r\n                    <!---->\r\n                    <!---->\r\n                    <h5 class=\"\">1927<\/h5>\r\n                  <\/div>\r\n                <\/div>\r\n                <div data-colibri-id=\"842-c13\" class=\"h-global-transition-all h-heading style-400 style-local-842-c13 position-relative h-element\">\r\n                  <!---->\r\n                  <div class=\"h-heading__outer style-400 style-local-842-c13\">\r\n                    <!---->\r\n                    <!---->\r\n                    <h3 class=\"\">Eines der ersten Fotos des Musikvereins<\/h3>\r\n                  <\/div>\r\n                <\/div>\r\n                <div data-colibri-id=\"842-c14\" class=\"h-text h-text-component style-401 style-local-842-c14 position-relative h-element\">\r\n                  <!---->\r\n                  <!---->\r\n                  <div class=\"\">\r\n                    <p>als Blaskapelle entstand anl\u00e4sslich der Fronleichnamsprozession und Glockenweihe.\r\n                      <br>\r\n                    <\/p>\r\n                  <\/div>\r\n                <\/div>\r\n              <\/div>\r\n            <\/div>\r\n          <\/div>\r\n          <div class=\"h-column h-column-container d-flex h-col-lg-auto h-col-md-auto h-col-auto style-402-outer style-local-842-c15-outer\">\r\n            <div data-colibri-id=\"842-c15\" class=\"d-flex h-flex-basis h-column__inner h-ui-empty-state-container h-px-lg-2 h-px-md-2 h-px-2 v-inner-lg-2 v-inner-md-2 v-inner-2 style-402 style-local-842-c15 position-relative\">\r\n              <!---->\r\n              <!---->\r\n              <div class=\"w-100 h-y-container h-column__content h-column__v-align flex-basis-100\">\r\n                <!---->\r\n              <\/div>\r\n            <\/div>\r\n          <\/div>\r\n        <\/div>\r\n      <\/div>\r\n    <\/div>\r\n  <\/div>\r\n  <div data-colibri-component=\"section\" data-colibri-id=\"842-c16\" id=\"about-3\" class=\"h-section h-section-global-spacing d-flex align-items-lg-center align-items-md-center align-items-center style-403 style-local-842-c16 position-relative\">\r\n    <!---->\r\n    <!---->\r\n    <div class=\"h-section-grid-container h-section-boxed-container\">\r\n      <!---->\r\n      <div data-colibri-id=\"842-c17\" class=\"h-row-container gutters-row-lg-0 gutters-row-md-0 gutters-row-0 gutters-row-v-lg-0 gutters-row-v-md-0 gutters-row-v-0 style-404 style-local-842-c17 position-relative\">\r\n        <!---->\r\n        <div class=\"h-row justify-content-lg-center justify-content-md-center justify-content-center align-items-lg-stretch align-items-md-stretch align-items-stretch gutters-col-lg-0 gutters-col-md-0 gutters-col-0 gutters-col-v-lg-0 gutters-col-v-md-0 gutters-col-v-0\">\r\n          <!---->\r\n          <div class=\"h-column h-column-container d-flex h-col-lg-auto h-col-md-auto h-col-auto style-405-outer style-local-842-c18-outer\">\r\n            <div data-colibri-id=\"842-c18\" class=\"d-flex h-flex-basis h-column__inner h-px-lg-0 h-px-md-0 h-px-0 v-inner-lg-0 v-inner-md-0 v-inner-0 style-405 style-local-842-c18 position-relative\">\r\n              <!---->\r\n              <!---->\r\n              <div class=\"w-100 h-y-container h-column__content h-column__v-align flex-basis-100 align-self-lg-start align-self-md-start align-self-start\">\r\n                <!---->\r\n                <div data-colibri-component=\"slider\" data-colibri-id=\"842-c19\" class=\"h-slider d-flex style-467 style-local-842-c19 position-relative\">\r\n                  <!---->\r\n                  <div class=\"swiper-container h-row-container gutters-row-lg-0 gutters-row-md-0 gutters-row-0 gutters-row-v-lg-0 gutters-row-v-md-0 gutters-row-v-0 h-overflow-hidden\">\r\n                    <div class=\"swiper-wrapper h-row justify-content-lg-start justify-content-md-start justify-content-start align-items-lg-stretch align-items-md-stretch align-items-stretch gutters-col-lg-0 gutters-col-md-0 gutters-col-0 gutters-col-v-lg-0 gutters-col-v-md-0 gutters-col-v-0\">\r\n                      <div data-colibri-component=\"link\" data-href=\"\" class=\"h-slider-item swiper-slide h-column h-column-container d-flex h-col-auto style-468-outer style-local-842-c20-outer\">\r\n                        <div data-colibri-id=\"842-c20\" class=\"w-100 h-swiper-item__inner d-flex h-flex-basis h-HopSliderItem__inner h-ui-empty-state-container h-px-lg-3 h-px-md-3 h-px-3 v-inner-lg-3 v-inner-md-3 v-inner-3 style-467-images style-local-842-c19-images style-468 style-local-842-c20 position-relative\">\r\n                          <div class=\"background-wrapper\">\r\n                            <div class=\"background-layer background-layer-media-container-lg\">\r\n                              <div data-enabled=\"false\" data-colibri-component=\"parallax\" class=\"background-layer\" style=\"background-position: center center; background-size: cover; background-image: url(&quot;https:\/\/test.mv-eschfeld.de\/wp-content\/uploads\/2022\/02\/cropped-MVE_1934-1.png&quot;); background-attachment: scroll; background-repeat: no-repeat;\"\r\n                                model-id=\"842-c20\" media=\"desktop\" is-preview=\"true\"><\/div>\r\n                            <\/div>\r\n                            <div class=\"background-layer background-layer-media-container-md\">\r\n                              <div data-enabled=\"false\" data-colibri-component=\"parallax\" class=\"background-layer\" style=\"background-position: center center; background-size: cover; background-image: url(&quot;https:\/\/test.mv-eschfeld.de\/wp-content\/uploads\/2022\/02\/cropped-MVE_1934-1.png&quot;); background-attachment: scroll; background-repeat: no-repeat;\"\r\n                                model-id=\"842-c20\" media=\"tablet\" is-preview=\"true\"><\/div>\r\n                            <\/div>\r\n                            <div class=\"background-layer background-layer-media-container\">\r\n                              <div data-enabled=\"false\" data-colibri-component=\"parallax\" class=\"background-layer\" style=\"background-position: center center; background-size: cover; background-image: url(&quot;https:\/\/test.mv-eschfeld.de\/wp-content\/uploads\/2022\/02\/cropped-MVE_1934-1.png&quot;); background-attachment: scroll; background-repeat: no-repeat;\"\r\n                                model-id=\"842-c20\" media=\"mobile\" is-preview=\"true\"><\/div>\r\n                            <\/div>\r\n                          <\/div>\r\n                          <div class=\"w-100 h-100 d-flex justify-content-lg-center justify-content-md-center justify-content-center align-items-lg-center align-items-md-center align-items-center\">\r\n                            <div class=\"w-100 h-y-container h-column__content h-column__v-align flex-basis-100 h-slider-item-content-wrapper\">\r\n                              <!---->\r\n                            <\/div>\r\n                          <\/div>\r\n                        <\/div>\r\n                      <\/div>\r\n                      <div data-colibri-component=\"link\" data-href=\"\" class=\"h-slider-item swiper-slide h-column h-column-container d-flex h-col-auto style-504-outer style-local-842-c27-outer\">\r\n                        <div data-colibri-id=\"842-c27\" class=\"w-100 h-swiper-item__inner d-flex h-flex-basis h-HopSliderItem__inner h-ui-empty-state-container h-px-lg-3 h-px-md-3 h-px-3 v-inner-lg-3 v-inner-md-3 v-inner-3 style-467-images style-local-842-c19-images style-504 style-local-842-c27 position-relative\">\r\n                          <div class=\"background-wrapper\">\r\n                            <div class=\"background-layer background-layer-media-container-lg\">\r\n                              <div data-enabled=\"false\" data-colibri-component=\"parallax\" class=\"background-layer\" style=\"background-position: center center; background-size: cover; background-image: url(&quot;https:\/\/test.mv-eschfeld.de\/wp-content\/uploads\/2022\/02\/cropped-josef_mueller_sen1958.png&quot;); background-attachment: scroll; background-repeat: no-repeat;\"\r\n                                model-id=\"842-c27\" media=\"desktop\" is-preview=\"true\"><\/div>\r\n                            <\/div>\r\n                            <div class=\"background-layer background-layer-media-container-md\">\r\n                              <div data-enabled=\"false\" data-colibri-component=\"parallax\" class=\"background-layer\" style=\"background-position: center center; background-size: cover; background-image: url(&quot;https:\/\/test.mv-eschfeld.de\/wp-content\/uploads\/2022\/02\/cropped-josef_mueller_sen1958.png&quot;); background-attachment: scroll; background-repeat: no-repeat;\"\r\n                                model-id=\"842-c27\" media=\"tablet\" is-preview=\"true\"><\/div>\r\n                            <\/div>\r\n                            <div class=\"background-layer background-layer-media-container\">\r\n                              <div data-enabled=\"false\" data-colibri-component=\"parallax\" class=\"background-layer\" style=\"background-position: center center; background-size: cover; background-image: url(&quot;https:\/\/test.mv-eschfeld.de\/wp-content\/uploads\/2022\/02\/cropped-josef_mueller_sen1958.png&quot;); background-attachment: scroll; background-repeat: no-repeat;\"\r\n                                model-id=\"842-c27\" media=\"mobile\" is-preview=\"true\"><\/div>\r\n                            <\/div>\r\n                          <\/div>\r\n                          <div class=\"w-100 h-100 d-flex justify-content-lg-center justify-content-md-center justify-content-center align-items-lg-center align-items-md-center align-items-center\">\r\n                            <div class=\"w-100 h-y-container h-column__content h-column__v-align flex-basis-100 h-slider-item-content-wrapper\">\r\n                              <!---->\r\n                            <\/div>\r\n                          <\/div>\r\n                        <\/div>\r\n                      <\/div>\r\n                    <\/div>\r\n                    <div class=\"resize-triggers\">\r\n                      <div class=\"expand-trigger\">\r\n                        <div style=\"width: 1px; height: 1px;\"><\/div>\r\n                      <\/div>\r\n                      <div class=\"contract-trigger\"><\/div>\r\n                    <\/div>\r\n                  <\/div>\r\n                  <div class=\"h-swiper-dots__outer justify-content-lg-center justify-content-md-center justify-content-center align-items-lg-end align-items-md-end align-items-end style-495-positionWrapper style-local-842-c29-positionWrapper h-element\">\r\n                    <div data-colibri-id=\"842-c29\" class=\"h-swiper-dots__wrapper style-495 style-local-842-c29 position-relative\">\r\n                      <!---->\r\n                      <div id=\"swiper-pagination__842-c19\" class=\"h-swiper-dots swiper-pagination d-flex swiper-pagination-clickable swiper-pagination-bullets\"><\/div>\r\n                      <div><\/div>\r\n                    <\/div>\r\n                  <\/div>\r\n                  <div data-colibri-id=\"842-c30\" class=\"h-swiper-arrow__outer justify-content-lg-start justify-content-md-start justify-content-start align-items-lg-center align-items-md-center align-items-center style-496 style-local-842-c30 position-relative h-element\">\r\n                    <!---->\r\n                    <div id=\"swiper-arrow__842-c30\" class=\"h-swiper-arrow h-slider-navigation-arrow swiper-button-prev\">\r\n                      <div data-colibri-id=\"842-c31\" class=\"h-icon style-497 style-local-842-c31 position-relative h-element\">\r\n                        <!----><span class=\"h-svg-icon h-icon__icon style-497-icon style-local-842-c31-icon\"><!--Icon by Font Awesome (https:\/\/fontawesome.com)--><svg version=\"1.1\" xmlns=\"http:\/\/www.w3.org\/2000\/svg\" xmlns:xlink=\"http:\/\/www.w3.org\/1999\/xlink\" id=\"chevron-left\" viewBox=\"0 0 1289.1823 1896.0833\"><path d=\"M1171 301L640 832l531 531q19 19 19 45t-19 45l-166 166q-19 19-45 19t-45-19L173 877q-19-19-19-45t19-45L915 45q19-19 45-19t45 19l166 166q19 19 19 45t-19 45z\"><\/path><\/svg><\/span><\/div>\r\n                    <\/div>\r\n                  <\/div>\r\n                  <div data-colibri-id=\"842-c32\" class=\"h-swiper-arrow__outer justify-content-lg-end justify-content-md-end justify-content-end align-items-lg-center align-items-md-center align-items-center style-498 style-local-842-c32 position-relative h-element\">\r\n                    <!---->\r\n                    <div id=\"swiper-arrow__842-c32\" class=\"h-swiper-arrow h-slider-navigation-arrow swiper-button-next\">\r\n                      <div data-colibri-id=\"842-c33\" class=\"h-icon style-497 style-local-842-c33 position-relative h-element\">\r\n                        <!----><span class=\"h-svg-icon h-icon__icon style-497-icon style-local-842-c33-icon\"><!--Icon by Font Awesome (https:\/\/fontawesome.com)--><svg version=\"1.1\" xmlns=\"http:\/\/www.w3.org\/2000\/svg\" xmlns:xlink=\"http:\/\/www.w3.org\/1999\/xlink\" id=\"chevron-right\" viewBox=\"0 0 1280 1896.0833\"><path d=\"M1107 877l-742 742q-19 19-45 19t-45-19l-166-166q-19-19-19-45t19-45l531-531-531-531q-19-19-19-45t19-45L275 45q19-19 45-19t45 19l742 742q19 19 19 45t-19 45z\"><\/path><\/svg><\/span><\/div>\r\n                    <\/div>\r\n                  <\/div>\r\n                <\/div>\r\n              <\/div>\r\n            <\/div>\r\n          <\/div>\r\n          <div class=\"h-column h-column-container d-flex h-col-lg-auto h-col-md-auto h-col-auto style-406-outer style-local-842-c34-outer\">\r\n            <div data-colibri-id=\"842-c34\" class=\"d-flex h-flex-basis h-column__inner h-px-lg-2 h-px-md-2 h-px-2 v-inner-lg-2 v-inner-md-2 v-inner-2 style-406 style-local-842-c34 position-relative\">\r\n              <!---->\r\n              <!---->\r\n              <div class=\"w-100 h-y-container h-column__content h-column__v-align flex-basis-100 align-self-lg-start align-self-md-start align-self-start\">\r\n                <!---->\r\n                <div data-colibri-id=\"842-c35\" class=\"h-global-transition-all h-heading style-407 style-local-842-c35 position-relative h-element\">\r\n                  <!---->\r\n                  <div class=\"h-heading__outer style-407 style-local-842-c35\">\r\n                    <!---->\r\n                    <!---->\r\n                    <h5 class=\"\">1934 &#8211; 1970<\/h5>\r\n                  <\/div>\r\n                <\/div>\r\n                <div data-colibri-id=\"842-c36\" class=\"h-global-transition-all h-heading style-408 style-local-842-c36 position-relative h-element\">\r\n                  <!---->\r\n                  <div class=\"h-heading__outer style-408 style-local-842-c36\">\r\n                    <!---->\r\n                    <!---->\r\n                    <h3 class=\"\">D\u00fcstere Zeiten<\/h3>\r\n                  <\/div>\r\n                <\/div>\r\n                <div data-colibri-id=\"842-c37\" class=\"h-text h-text-component style-409 style-local-842-c37 position-relative h-element\">\r\n                  <!---->\r\n                  <!---->\r\n                  <div class=\"\">\r\n                    <p>Die Zeit bis nach dem 2. Weltkrieg war f\u00fcr alle schlimm. Das Vereinsleben kam total zum Erliegen.<\/p>\r\n                    <p>Dank Josef M\u00fcller kam in den 50er Jahren wieder Bewegung in den Musikverein. Er ist auch der l\u00e4ngstgediente Dirigent des MVE.<\/p>\r\n                    <p>Bis 1970 wechselten das Dirigat teils j\u00e4hrlich, zum Gro\u00dfteil \u00fcbernahmen dies allerdings Musiker f\u00fcr eine bestimmte Zeit.<\/p>\r\n                    <p>Bald geht&#8217;s weiter mit der Chronik&#8230;<\/p>\r\n                  <\/div>\r\n                <\/div>\r\n              <\/div>\r\n            <\/div>\r\n          <\/div>\r\n        <\/div>\r\n      <\/div>\r\n    <\/div>\r\n  <\/div>\r\n<\/div>","protected":false},"excerpt":{"rendered":"<p>1901 Die ersten T\u00f6ne Im Jahre 1901 legt Pfarrer Christoph M\u00e4rz den Grundstein f\u00fcr unseren Musikverein. Er gr\u00fcndet eine Streichergruppe, schreibt und arrangiert&nbsp;Noten f\u00fcr diese und leitet das Ensemble jahrelang [&hellip;]<\/p>\n","protected":false},"author":1,"featured_media":0,"parent":0,"menu_order":0,"comment_status":"closed","ping_status":"closed","template":"page-templates\/full-width-page.php","meta":{"_EventAllDay":false,"_EventTimezone":"","_EventStartDate":"","_EventEndDate":"","_EventStartDateUTC":"","_EventEndDateUTC":"","_EventShowMap":false,"_EventShowMapLink":false,"_EventURL":"","_EventCost":"","_EventCostDescription":"","_EventCurrencySymbol":"","_EventCurrencyCode":"","_EventCurrencyPosition":"","_EventDateTimeSeparator":"","_EventTimeRangeSeparator":"","_EventOrganizerID":[],"_EventVenueID":[],"_OrganizerEmail":"","_OrganizerPhone":"","_OrganizerWebsite":"","_VenueAddress":"","_VenueCity":"","_VenueCountry":"","_VenueProvince":"","_VenueState":"","_VenueZip":"","_VenuePhone":"","_VenueURL":"","_VenueStateProvince":"","_VenueLat":"","_VenueLng":"","_VenueShowMap":false,"_VenueShowMapLink":false,"footnotes":""},"class_list":["post-842","page","type-page","status-publish","hentry"],"_links":{"self":[{"href":"https:\/\/mv-eschfeld.de\/index.php?rest_route=\/wp\/v2\/pages\/842","targetHints":{"allow":["GET"]}}],"collection":[{"href":"https:\/\/mv-eschfeld.de\/index.php?rest_route=\/wp\/v2\/pages"}],"about":[{"href":"https:\/\/mv-eschfeld.de\/index.php?rest_route=\/wp\/v2\/types\/page"}],"author":[{"embeddable":true,"href":"https:\/\/mv-eschfeld.de\/index.php?rest_route=\/wp\/v2\/users\/1"}],"replies":[{"embeddable":true,"href":"https:\/\/mv-eschfeld.de\/index.php?rest_route=%2Fwp%2Fv2%2Fcomments&post=842"}],"version-history":[{"count":6,"href":"https:\/\/mv-eschfeld.de\/index.php?rest_route=\/wp\/v2\/pages\/842\/revisions"}],"predecessor-version":[{"id":2574,"href":"https:\/\/mv-eschfeld.de\/index.php?rest_route=\/wp\/v2\/pages\/842\/revisions\/2574"}],"wp:attachment":[{"href":"https:\/\/mv-eschfeld.de\/index.php?rest_route=%2Fwp%2Fv2%2Fmedia&parent=842"}],"curies":[{"name":"wp","href":"https:\/\/api.w.org\/{rel}","templated":true}]}}